{"id":3,"date":"2023-01-25T12:32:10","date_gmt":"2023-01-25T12:32:10","guid":{"rendered":"https:\/\/plandesostenibilidaddeportiva.es\/?page_id=3"},"modified":"2024-02-21T17:09:13","modified_gmt":"2024-02-21T17:09:13","slug":"privacy-policy","status":"publish","type":"page","link":"https:\/\/plandesostenibilidaddeportiva.es\/index.php\/privacy-policy\/","title":{"rendered":"Pol\u00edtica de privacidad"},"content":{"rendered":"\n<p>El Titular se compromete a cumplir con la normativa en materia de Protecci\u00f3n de Datos de car\u00e1cter personal y a respetar la privacidad de los Usuarios. El objetivo es ofrecer el mejor servicio al Usuario y para ello es necesario contar con sus datos.<\/p>\n\n\n\n<ol class=\"wp-block-list\">\n<li>Responsable del Tratamiento<\/li>\n<\/ol>\n\n\n\n<p>LIDERA SPORT CONSULTING, S.L.<\/p>\n\n\n\n<p>NIF: B04768511<\/p>\n\n\n\n<p>Domicilio: Ctra. Ronda, n\u00ba 110, 4\u00ba 1, 04006 Almer\u00eda<\/p>\n\n\n\n<p>Tel\u00e9fono: 950 09 28 01<\/p>\n\n\n\n<ol class=\"wp-block-list\" start=\"2\">\n<li>Finalidades y legitimaci\u00f3n<\/li>\n<\/ol>\n\n\n\n<p>Atenci\u00f3n de consultas: Atender las consultas del Usuario que se ponga en contacto a trav\u00e9s de los Formularios o herramientas de comunicaci\u00f3n con el Usuario en el Sitio Web. La base leg\u00edtima del tratamiento es el consentimiento del Usuario, conforme al art. 6.1.a) del RGPD.<\/p>\n\n\n\n<p>Datos de navegaci\u00f3n: Datos recogidos por las cookies propias o de terceros que puedan ser generadas por este Sitio Web habiendo sido informado el Usuario y acept\u00e1ndolas. La base leg\u00edtima del tratamiento es el consentimiento del Usuario, conforme al art. 6.1.a) del RGPD.<\/p>\n\n\n\n<ol class=\"wp-block-list\" start=\"3\">\n<li>Plazo de conservaci\u00f3n<\/li>\n<\/ol>\n\n\n\n<p>Los datos se conservar\u00e1n mientras se mantenga le relaci\u00f3n y no se solicite su supresi\u00f3n y en cualquier caso en cumplimiento de plazos legales de prescripci\u00f3n que le resulten de aplicaci\u00f3n.<\/p>\n\n\n\n<ol class=\"wp-block-list\" start=\"4\">\n<li>Cesiones<\/li>\n<\/ol>\n\n\n\n<p>No se tienen previstas cesiones de los datos recabados a trav\u00e9s de este Sitio Web a terceros, salvo que expresamente se indique, en su caso, en el texto informativo correspondiente.<\/p>\n\n\n\n<p>En relaci\u00f3n a la gesti\u00f3n de los servicios, los datos de los Usuarios podr\u00e1n ser tratados por empresas que presten al Titular diversos servicios, entre otros, de env\u00edo, mensajer\u00eda, contabilidad, asesor\u00eda, mantenimiento inform\u00e1tico, o cualquier otro que por su condici\u00f3n de Encargada del Tratamiento sea indispensable o inevitable que accedan o traten estos datos. Este tratamiento no ser\u00e1 considerado en ning\u00fan caso una cesi\u00f3n de datos.<\/p>\n\n\n\n<ol class=\"wp-block-list\" start=\"5\">\n<li>Derechos de los interesados<\/li>\n<\/ol>\n\n\n\n<p>Los Usuarios pueden ejercitar sus derechos de acceso, rectificaci\u00f3n, supresi\u00f3n, portabilidad y la limitaci\u00f3n u oposici\u00f3n enviando solicitud firmada por correo postal con asunto \u201cProtecci\u00f3n de Datos\u201d, a la direcci\u00f3n: Ctra. Ronda, n\u00ba 110, 4\u00ba 1, 04006 Almer\u00eda, indicando claramente los datos de contacto y remitiendo copia de su documento de identidad o enviando solicitud por email con asunto \u201cEjercicio de Derechos\u201d, a info@liderasport.com, desde la misma cuenta de email que facilit\u00f3. Los Usuarios tienen derecho a retirar el consentimiento prestado y tienen derecho a reclamar ante la Autoridad de Control (Agencia Espa\u00f1ola de Protecci\u00f3n de Datos&nbsp;<a href=\"http:\/\/www.aepd.es\/\">www.aepd.es<\/a>).<\/p>\n\n\n\n<ol class=\"wp-block-list\" start=\"6\">\n<li>Campos de texto libre<\/li>\n<\/ol>\n\n\n\n<p>Los campos de texto libre que, a disposici\u00f3n del Usuario, puedan aparecer en los formularios del Sitio Web tienen como \u00fanica y exclusiva finalidad el recabar informaci\u00f3n para mejorar la calidad de los Servicios.<\/p>\n\n\n\n<p>El Usuario no incluir\u00e1, en aquellos espacios que el Sitio Web pueda ofertar como \u201ccampos de texto libre\u201d, ning\u00fan dato de car\u00e1cter personal que pueda ser calificado dentro de aquellos datos para los que se exige un nivel de protecci\u00f3n especial, entendi\u00e9ndose como tales datos, a t\u00edtulo enunciativo y no limitativo, los relativos a situaci\u00f3n econ\u00f3mico-financiera, perfiles psicol\u00f3gicos, ideolog\u00eda, religi\u00f3n, creencias, afiliaci\u00f3n sindical, salud, origen racial y\/o vida sexual.<\/p>\n\n\n\n<ol class=\"wp-block-list\" start=\"7\">\n<li>Campos no obligatorios<\/li>\n<\/ol>\n\n\n\n<p>El Titular comunica al Usuario el car\u00e1cter no obligatorio de la recogida de algunos datos, salvo en los campos que se indique lo contrario mediante un (*). No obstante, la no cumplimentaci\u00f3n de dichos datos podr\u00e1 impedir prestar todos aquellos Servicios vinculados a tales datos, liber\u00e1ndole de toda responsabilidad por la no prestaci\u00f3n o prestaci\u00f3n incompleta de estos Servicios.<\/p>\n\n\n\n<ol class=\"wp-block-list\" start=\"8\">\n<li>Acceso y rectificaci\u00f3n de los datos personales<\/li>\n<\/ol>\n\n\n\n<p>El Usuario se compromete a proporcionar informaci\u00f3n cierta en relaci\u00f3n con sus datos personales, y mantener los datos facilitados al Titular siempre actualizados. El Usuario responder\u00e1, en cualquier caso, de la veracidad de los datos facilitados, reserv\u00e1ndose el Titular el derecho de excluir de los servicios a todo Usuario que haya facilitado datos falsos, sin perjuicio de las dem\u00e1s acciones que procedan en Derecho. Los datos facilitados por el Usuario se presumir\u00e1n correctos, por lo que, en caso de env\u00edo err\u00f3neo de sus datos por parte del Usuario, el Titular, declina cualquier responsabilidad en caso de la incorrecta ejecuci\u00f3n o no ejecuci\u00f3n del env\u00edo, as\u00ed como el incorrecto cumplimiento de los tr\u00e1mites administrativos necesarios.<\/p>\n\n\n\n<ol class=\"wp-block-list\" start=\"9\">\n<li>Confidencialidad<\/li>\n<\/ol>\n\n\n\n<p>Adem\u00e1s, tambi\u00e9n tendr\u00e1 la condici\u00f3n de confidencial la informaci\u00f3n de cualquier tipo que las partes intercambien entre s\u00ed, aquella que \u00e9stas acuerden que tiene tal naturaleza, o la que simplemente verse sobre el contenido de dicha informaci\u00f3n. La visualizaci\u00f3n de datos a trav\u00e9s de Internet, no supondr\u00e1 el acceso directo a los mismos, salvo consentimiento expreso de su titular para cada ocasi\u00f3n.<\/p>\n\n\n\n<ol class=\"wp-block-list\" start=\"10\">\n<li>Fotograf\u00edas<\/li>\n<\/ol>\n\n\n\n<p>En cumplimiento de lo establecido en la actual normativa de Protecci\u00f3n de Datos de Car\u00e1cter Personal se informa que las fotograf\u00edas en las que aparezcan personas tienen consideraci\u00f3n de dato de car\u00e1cter personal. Con esta comunicaci\u00f3n se informa que en este Sitio Web pueden aparecer fotograf\u00edas de personas con motivos de promoci\u00f3n y que voluntariamente han accedido a ello. Si en alg\u00fan caso, cualquier persona que aparezca en ellas desea que no se muestre alguna fotograf\u00eda, rogamos se pongan en contacto y se proceder\u00e1 a su retirada a la mayor brevedad posible. No ser\u00e1 v\u00e1lido para las personas que han prestado un servicio de forma profesional.<\/p>\n\n\n\n<h2 class=\"wp-block-heading\"><\/h2>\n","protected":false},"excerpt":{"rendered":"<p>El Titular se compromete a cumplir con la normativa en materia de Protecci\u00f3n de Datos de car\u00e1cter personal y a respetar la privacidad de los Usuarios. El objetivo es ofrecer el mejor servicio al Usuario y para ello es necesario contar con sus datos. LIDERA SPORT CONSULTING, S.L. NIF: B04768511 Domicilio: Ctra. Ronda, n\u00ba 110, [&hellip;]<\/p>\n","protected":false},"author":1,"featured_media":0,"parent":0,"menu_order":0,"comment_status":"closed","ping_status":"open","template":"page-template-blank.php","meta":{"_et_pb_use_builder":"","_et_pb_old_content":"","_et_gb_content_width":"1080","footnotes":""},"class_list":["post-3","page","type-page","status-publish","hentry"],"_links":{"self":[{"href":"https:\/\/plandesostenibilidaddeportiva.es\/index.php\/wp-json\/wp\/v2\/pages\/3","targetHints":{"allow":["GET"]}}],"collection":[{"href":"https:\/\/plandesostenibilidaddeportiva.es\/index.php\/wp-json\/wp\/v2\/pages"}],"about":[{"href":"https:\/\/plandesostenibilidaddeportiva.es\/index.php\/wp-json\/wp\/v2\/types\/page"}],"author":[{"embeddable":true,"href":"https:\/\/plandesostenibilidaddeportiva.es\/index.php\/wp-json\/wp\/v2\/users\/1"}],"replies":[{"embeddable":true,"href":"https:\/\/plandesostenibilidaddeportiva.es\/index.php\/wp-json\/wp\/v2\/comments?post=3"}],"version-history":[{"count":2,"href":"https:\/\/plandesostenibilidaddeportiva.es\/index.php\/wp-json\/wp\/v2\/pages\/3\/revisions"}],"predecessor-version":[{"id":114,"href":"https:\/\/plandesostenibilidaddeportiva.es\/index.php\/wp-json\/wp\/v2\/pages\/3\/revisions\/114"}],"wp:attachment":[{"href":"https:\/\/plandesostenibilidaddeportiva.es\/index.php\/wp-json\/wp\/v2\/media?parent=3"}],"curies":[{"name":"wp","href":"https:\/\/api.w.org\/{rel}","templated":true}]}}